{"id":161,"date":"2020-12-12T15:30:39","date_gmt":"2020-12-12T15:30:39","guid":{"rendered":"http:\/\/www.mielenterveyskuntoutujienkonsoli.fi\/newmain\/?page_id=161"},"modified":"2024-03-04T15:07:03","modified_gmt":"2024-03-04T15:07:03","slug":"yhteydenotot-ja-materiaalin-lahetys","status":"publish","type":"page","link":"http:\/\/www.mielenterveyskuntoutujienkonsoli.fi\/newmain\/yhteydenotot-ja-materiaalin-lahetys\/","title":{"rendered":"Yhteydenotot ja materiaalin l\u00e4hetys"},"content":{"rendered":"\n<p>Sivustolle julkaistavan materiaalin l\u00e4hetys<\/p>\n\n\n\n<ul class=\"wp-block-list\">\n<li>Sivustolla voidaan julkaista henkil\u00f6iden tai yhteis\u00f6jen tuottamaa sis\u00e4lt\u00f6\u00e4. Jos olet tarjoamassa materiaalia, johon sinulla on julkaisuoikeudet, voimme julkaista materiaalin upotettuna jostakin julkaisu palvelusta: esim. videomateriaalia: Youtube, Vimeo, teksti\u00e4: Scribd, Tumblr, jne.. Voimme julkaista sis\u00e4lt\u00f6\u00e4 sivustolla k\u00e4ytt\u00e4en upotusta, kunhan sinulla on siis oikeus julkaista sis\u00e4lt\u00f6\u00e4. Emme julkaise omalla palvelimellamme sis\u00e4lt\u00f6\u00e4 vaan k\u00e4yt\u00e4mme upotusta muista Internetin palveluista.\u00a0<br><\/li>\n\n\n\n<li>L\u00e4het\u00e4 s\u00e4hk\u00f6postitse otsikko ja lyhyt kuvaus sis\u00e4ll\u00f6st\u00e4, ja liit\u00e4 mukaan linkki sis\u00e4lt\u00f6\u00f6n, josta voimme luoda upotuksen. Materiaalin tulee olla asetettu julkiseksi k\u00e4ytt\u00e4m\u00e4ss\u00e4si palvelussa. Emme voi julkaista materiaalia, jos se on asetettu ulkoisessa julkaisupalvelussa yksityiseksi. Jos julkaisemme sis\u00e4ll\u00f6n ja esittelytekstin sivustollamme, emme ker\u00e4\u00e4 mit\u00e4\u00e4n henkil\u00f6tietoja.  Kaikki viestint\u00e4 tapahtuu s\u00e4hk\u00f6postitse, emmek\u00e4 julkaise kenenk\u00e4\u00e4n s\u00e4hk\u00f6postiosoitetta sivustollamme. Jos tahdot saada palautetta ty\u00f6st\u00e4si, toivomme t\u00e4m\u00e4n tapahtuvan ulkoisen julkaisupalvelun kautta, josta sis\u00e4lt\u00f6 on upotettu.<br><\/li>\n\n\n\n<li>Voimme my\u00f6s joissakin tilanteissa julkaista sis\u00e4ll\u00f6n suoraan sivustollamme.<\/li>\n<\/ul>\n\n\n\n<p><\/p>\n\n\n\n<p>Email-osoite yhteydenottoihin ja materiaalin l\u00e4hetykselle: <\/p>\n\n\n\n<p>mielenterveyskkonsoli(at)gmail.com<\/p>\n","protected":false},"excerpt":{"rendered":"<p>Sivustolle julkaistavan materiaalin l\u00e4hetys Email-osoite yhteydenottoihin ja materiaalin l\u00e4hetykselle: mielenterveyskkonsoli(at)gmail.com<\/p>\n","protected":false},"author":1,"featured_media":0,"parent":0,"menu_order":0,"comment_status":"closed","ping_status":"closed","template":"","meta":{"footnotes":""},"class_list":["post-161","page","type-page","status-publish","hentry"],"_links":{"self":[{"href":"http:\/\/www.mielenterveyskuntoutujienkonsoli.fi\/newmain\/wp-json\/wp\/v2\/pages\/161","targetHints":{"allow":["GET"]}}],"collection":[{"href":"http:\/\/www.mielenterveyskuntoutujienkonsoli.fi\/newmain\/wp-json\/wp\/v2\/pages"}],"about":[{"href":"http:\/\/www.mielenterveyskuntoutujienkonsoli.fi\/newmain\/wp-json\/wp\/v2\/types\/page"}],"author":[{"embeddable":true,"href":"http:\/\/www.mielenterveyskuntoutujienkonsoli.fi\/newmain\/wp-json\/wp\/v2\/users\/1"}],"replies":[{"embeddable":true,"href":"http:\/\/www.mielenterveyskuntoutujienkonsoli.fi\/newmain\/wp-json\/wp\/v2\/comments?post=161"}],"version-history":[{"count":13,"href":"http:\/\/www.mielenterveyskuntoutujienkonsoli.fi\/newmain\/wp-json\/wp\/v2\/pages\/161\/revisions"}],"predecessor-version":[{"id":677,"href":"http:\/\/www.mielenterveyskuntoutujienkonsoli.fi\/newmain\/wp-json\/wp\/v2\/pages\/161\/revisions\/677"}],"wp:attachment":[{"href":"http:\/\/www.mielenterveyskuntoutujienkonsoli.fi\/newmain\/wp-json\/wp\/v2\/media?parent=161"}],"curies":[{"name":"wp","href":"https:\/\/api.w.org\/{rel}","templated":true}]}}