{"id":164,"date":"2020-12-12T15:31:52","date_gmt":"2020-12-12T15:31:52","guid":{"rendered":"http:\/\/www.mielenterveyskuntoutujienkonsoli.fi\/newmain\/?page_id=164"},"modified":"2020-12-25T18:30:27","modified_gmt":"2020-12-25T18:30:27","slug":"mainostaja-info","status":"publish","type":"page","link":"http:\/\/www.mielenterveyskuntoutujienkonsoli.fi\/newmain\/mainostaja-info\/","title":{"rendered":"Mainostaja Info"},"content":{"rendered":"\n<p>Sivustolla voidaan esitt\u00e4\u00e4 mainoksia, jos olet kiinnostunut sivustolla mainostamisesta, voidaan t\u00e4st\u00e4 sopia.<\/p>\n\n\n\n<p>Mainostamisen yhteydenotot:<\/p>\n\n\n\n<p>Email: mielenterveyskkonsoli(at)gmail.com<\/p>\n","protected":false},"excerpt":{"rendered":"<p>Sivustolla voidaan esitt\u00e4\u00e4 mainoksia, jos olet kiinnostunut sivustolla mainostamisesta, voidaan t\u00e4st\u00e4 sopia. Mainostamisen yhteydenotot: Email: mielenterveyskkonsoli(at)gmail.com<\/p>\n","protected":false},"author":1,"featured_media":0,"parent":0,"menu_order":0,"comment_status":"closed","ping_status":"closed","template":"","meta":{"footnotes":""},"class_list":["post-164","page","type-page","status-publish","hentry"],"_links":{"self":[{"href":"http:\/\/www.mielenterveyskuntoutujienkonsoli.fi\/newmain\/wp-json\/wp\/v2\/pages\/164","targetHints":{"allow":["GET"]}}],"collection":[{"href":"http:\/\/www.mielenterveyskuntoutujienkonsoli.fi\/newmain\/wp-json\/wp\/v2\/pages"}],"about":[{"href":"http:\/\/www.mielenterveyskuntoutujienkonsoli.fi\/newmain\/wp-json\/wp\/v2\/types\/page"}],"author":[{"embeddable":true,"href":"http:\/\/www.mielenterveyskuntoutujienkonsoli.fi\/newmain\/wp-json\/wp\/v2\/users\/1"}],"replies":[{"embeddable":true,"href":"http:\/\/www.mielenterveyskuntoutujienkonsoli.fi\/newmain\/wp-json\/wp\/v2\/comments?post=164"}],"version-history":[{"count":3,"href":"http:\/\/www.mielenterveyskuntoutujienkonsoli.fi\/newmain\/wp-json\/wp\/v2\/pages\/164\/revisions"}],"predecessor-version":[{"id":316,"href":"http:\/\/www.mielenterveyskuntoutujienkonsoli.fi\/newmain\/wp-json\/wp\/v2\/pages\/164\/revisions\/316"}],"wp:attachment":[{"href":"http:\/\/www.mielenterveyskuntoutujienkonsoli.fi\/newmain\/wp-json\/wp\/v2\/media?parent=164"}],"curies":[{"name":"wp","href":"https:\/\/api.w.org\/{rel}","templated":true}]}}