{"id":49,"date":"2020-12-12T11:47:25","date_gmt":"2020-12-12T11:47:25","guid":{"rendered":"http:\/\/www.mielenterveyskuntoutujienkonsoli.fi\/newmain\/?page_id=49"},"modified":"2024-01-15T14:43:54","modified_gmt":"2024-01-15T14:43:54","slug":"materiaaliarkisto","status":"publish","type":"page","link":"http:\/\/www.mielenterveyskuntoutujienkonsoli.fi\/newmain\/materiaaliarkisto\/","title":{"rendered":"Materiaaliarkisto"},"content":{"rendered":"\n<p>12.7.2023 <a href=\"https:\/\/www.mielenterveyskuntoutujienkonsoli.fi\/newmain\/materiaaliarkisto\/hyvan-mielen-pelit-ryn-paneeli-suomiareenassa\/\">Hyv\u00e4n mielen pelit ry:n paneeli SuomiAreenassa<\/a><\/p>\n\n\n\n<p>15.5.2022 <a href=\"http:\/\/www.mielenterveyskuntoutujienkonsoli.fi\/newmain\/materiaaliarkisto\/omaelamankerran-tekemisesta\/\" data-type=\"URL\" data-id=\"http:\/\/www.mielenterveyskuntoutujienkonsoli.fi\/newmain\/materiaaliarkisto\/omaelamankerran-tekemisesta\/\">Omael\u00e4m\u00e4nkerran tekemisest\u00e4<\/a><\/p>\n\n\n\n<p>7.5.2022 <a href=\"http:\/\/www.mielenterveyskuntoutujienkonsoli.fi\/newmain\/materiaaliarkisto\/kummastus-blogissa-mielensisaisten-aanien-kuulemisesta\/\" data-type=\"URL\" data-id=\"http:\/\/www.mielenterveyskuntoutujienkonsoli.fi\/newmain\/materiaaliarkisto\/kummastus-blogissa-mielensisaisten-aanien-kuulemisesta\/\">Kummastus blogi<\/a><\/p>\n\n\n\n<p>9.5.2021 <a href=\"http:\/\/www.mielenterveyskuntoutujienkonsoli.fi\/newmain\/materiaaliarkisto\/tunnelukoista\/\" data-type=\"URL\" data-id=\"http:\/\/www.mielenterveyskuntoutujienkonsoli.fi\/newmain\/materiaaliarkisto\/tunnelukoista\/\">Tunnelukoista<\/a><\/p>\n\n\n\n<p>10.3.2021 <a href=\"http:\/\/www.mielenterveyskuntoutujienkonsoli.fi\/newmain\/materiaaliarkisto\/toipumisorientaatiosta-vasta-alkajan-silmin-nahtyna\/\" data-type=\"URL\" data-id=\"http:\/\/www.mielenterveyskuntoutujienkonsoli.fi\/newmain\/materiaaliarkisto\/toipumisorientaatiosta-vasta-alkajan-silmin-nahtyna\/\">Toipumisorientaatiosta vasta-alkajan silmin n\u00e4htyn\u00e4<\/a><\/p>\n\n\n\n<p>27.1.2021 <a href=\"http:\/\/www.mielenterveyskuntoutujienkonsoli.fi\/newmain\/materiaaliarkisto\/pohdintaa-maslown-tarvehierarkiasta\/\" data-type=\"URL\">Pohdintaa Maslow\u00b4n tarvehierarkiasta<\/a><\/p>\n\n\n\n<p>23.1.2021 <a href=\"http:\/\/www.mielenterveyskuntoutujienkonsoli.fi\/newmain\/materiaaliarkisto\/mita-olen-oppinut-nvcsta-osa-i\/\" data-type=\"URL\" data-id=\"http:\/\/www.mielenterveyskuntoutujienkonsoli.fi\/newmain\/materiaaliarkisto\/mita-olen-oppinut-nvcsta-osa-i\/\">Mit\u00e4 olen oppinut NVC:st\u00e4<\/a><\/p>\n","protected":false},"excerpt":{"rendered":"<p>12.7.2023 Hyv\u00e4n mielen pelit ry:n paneeli SuomiAreenassa 15.5.2022 Omael\u00e4m\u00e4nkerran tekemisest\u00e4 7.5.2022 Kummastus blogi 9.5.2021 Tunnelukoista 10.3.2021 Toipumisorientaatiosta vasta-alkajan silmin n\u00e4htyn\u00e4 27.1.2021 Pohdintaa Maslow\u00b4n tarvehierarkiasta 23.1.2021 Mit\u00e4 olen oppinut NVC:st\u00e4<\/p>\n","protected":false},"author":1,"featured_media":0,"parent":0,"menu_order":0,"comment_status":"closed","ping_status":"closed","template":"","meta":{"footnotes":""},"class_list":["post-49","page","type-page","status-publish","hentry"],"_links":{"self":[{"href":"http:\/\/www.mielenterveyskuntoutujienkonsoli.fi\/newmain\/wp-json\/wp\/v2\/pages\/49","targetHints":{"allow":["GET"]}}],"collection":[{"href":"http:\/\/www.mielenterveyskuntoutujienkonsoli.fi\/newmain\/wp-json\/wp\/v2\/pages"}],"about":[{"href":"http:\/\/www.mielenterveyskuntoutujienkonsoli.fi\/newmain\/wp-json\/wp\/v2\/types\/page"}],"author":[{"embeddable":true,"href":"http:\/\/www.mielenterveyskuntoutujienkonsoli.fi\/newmain\/wp-json\/wp\/v2\/users\/1"}],"replies":[{"embeddable":true,"href":"http:\/\/www.mielenterveyskuntoutujienkonsoli.fi\/newmain\/wp-json\/wp\/v2\/comments?post=49"}],"version-history":[{"count":9,"href":"http:\/\/www.mielenterveyskuntoutujienkonsoli.fi\/newmain\/wp-json\/wp\/v2\/pages\/49\/revisions"}],"predecessor-version":[{"id":652,"href":"http:\/\/www.mielenterveyskuntoutujienkonsoli.fi\/newmain\/wp-json\/wp\/v2\/pages\/49\/revisions\/652"}],"wp:attachment":[{"href":"http:\/\/www.mielenterveyskuntoutujienkonsoli.fi\/newmain\/wp-json\/wp\/v2\/media?parent=49"}],"curies":[{"name":"wp","href":"https:\/\/api.w.org\/{rel}","templated":true}]}}