{"id":57,"date":"2020-12-12T11:48:28","date_gmt":"2020-12-12T11:48:28","guid":{"rendered":"http:\/\/www.mielenterveyskuntoutujienkonsoli.fi\/newmain\/?page_id=57"},"modified":"2022-06-14T07:31:54","modified_gmt":"2022-06-14T07:31:54","slug":"taidetta","status":"publish","type":"page","link":"http:\/\/www.mielenterveyskuntoutujienkonsoli.fi\/newmain\/taidetta\/","title":{"rendered":"Taidetta"},"content":{"rendered":"\n<p>14.6.2022 <a href=\"http:\/\/www.mielenterveyskuntoutujienkonsoli.fi\/newmain\/taidetta\/henkilodokumentin-tekeminen-3d-teknologialla\/\" data-type=\"URL\" data-id=\"http:\/\/www.mielenterveyskuntoutujienkonsoli.fi\/newmain\/taidetta\/henkilodokumentin-tekeminen-3d-teknologialla\/\">Henkil\u00f6dokumentin tekeminen 3D-teknologialla<\/a><\/p>\n\n\n\n<p>20.5.2022 <a href=\"http:\/\/www.mielenterveyskuntoutujienkonsoli.fi\/newmain\/taidetta\/avaruudenvalloittajat-hologrammianimaatio\/\" data-type=\"URL\" data-id=\"http:\/\/www.mielenterveyskuntoutujienkonsoli.fi\/newmain\/taidetta\/avaruudenvalloittajat-hologrammianimaatio\/\">Avaruudenvalloittajat Hologrammianimaatio<\/a><\/p>\n\n\n\n<p>19.4.2022 <a href=\"http:\/\/www.mielenterveyskuntoutujienkonsoli.fi\/newmain\/taidetta\/ledit-ja-musiikki-teos\/\" data-type=\"URL\" data-id=\"http:\/\/www.mielenterveyskuntoutujienkonsoli.fi\/newmain\/taidetta\/ledit-ja-musiikki-teos\/\">Ledit ja Musiikki Teos<\/a><\/p>\n\n\n\n<p>27.1.2022 <a href=\"http:\/\/www.mielenterveyskuntoutujienkonsoli.fi\/newmain\/taidetta\/musiikkivideo\/\" data-type=\"URL\" data-id=\"http:\/\/www.mielenterveyskuntoutujienkonsoli.fi\/newmain\/taidetta\/musiikkivideo\/\">Musiikkivideo<\/a><\/p>\n\n\n\n<p>15.1.2022 <a href=\"http:\/\/www.mielenterveyskuntoutujienkonsoli.fi\/newmain\/taidetta\/figuuritaiteen-tekija-henkilodokumentti\/\" data-type=\"URL\" data-id=\"http:\/\/www.mielenterveyskuntoutujienkonsoli.fi\/newmain\/taidetta\/figuuritaiteen-tekija-henkilodokumentti\/\">Figuuritaiteen tekij\u00e4 &#8211; henkil\u00f6dokumentti<\/a><\/p>\n\n\n\n<p>17.5.2021 <a href=\"http:\/\/www.mielenterveyskuntoutujienkonsoli.fi\/newmain\/taidetta\/aaneton-aani-musiikkia\/\" data-type=\"URL\" data-id=\"http:\/\/www.mielenterveyskuntoutujienkonsoli.fi\/newmain\/taidetta\/aaneton-aani-musiikkia\/\">\u00c4\u00e4net\u00f6n \u00e4\u00e4ni musiikkia<\/a><\/p>\n\n\n\n<p>9.5.2021 <a href=\"http:\/\/www.mielenterveyskuntoutujienkonsoli.fi\/newmain\/taidetta\/musiikkia-samuli-a\/\" data-type=\"URL\" data-id=\"http:\/\/www.mielenterveyskuntoutujienkonsoli.fi\/newmain\/taidetta\/musiikkia-samuli-a\/\">Musiikkia Samuli A.<\/a><\/p>\n\n\n\n<p>11.3.2021<a href=\"http:\/\/www.mielenterveyskuntoutujienkonsoli.fi\/newmain\/taidetta\/laakitys-video\/\" data-type=\"URL\" data-id=\"http:\/\/www.mielenterveyskuntoutujienkonsoli.fi\/newmain\/taidetta\/laakitys-video\/\"> l\u00e4\u00e4kitys video<\/a><\/p>\n\n\n\n<p>16.1.2021 <a href=\"http:\/\/www.mielenterveyskuntoutujienkonsoli.fi\/newmain\/taidetta\/eeppinen-tarina\/\" data-type=\"URL\">Eeppinen tarina <\/a><\/p>\n","protected":false},"excerpt":{"rendered":"<p>14.6.2022 Henkil\u00f6dokumentin tekeminen 3D-teknologialla 20.5.2022 Avaruudenvalloittajat Hologrammianimaatio 19.4.2022 Ledit ja Musiikki Teos 27.1.2022 Musiikkivideo 15.1.2022 Figuuritaiteen tekij\u00e4 &#8211; henkil\u00f6dokumentti 17.5.2021 \u00c4\u00e4net\u00f6n \u00e4\u00e4ni musiikkia 9.5.2021 Musiikkia Samuli A. 11.3.2021 l\u00e4\u00e4kitys video 16.1.2021 Eeppinen tarina<\/p>\n","protected":false},"author":1,"featured_media":0,"parent":0,"menu_order":0,"comment_status":"closed","ping_status":"closed","template":"","meta":{"footnotes":""},"class_list":["post-57","page","type-page","status-publish","hentry"],"_links":{"self":[{"href":"http:\/\/www.mielenterveyskuntoutujienkonsoli.fi\/newmain\/wp-json\/wp\/v2\/pages\/57","targetHints":{"allow":["GET"]}}],"collection":[{"href":"http:\/\/www.mielenterveyskuntoutujienkonsoli.fi\/newmain\/wp-json\/wp\/v2\/pages"}],"about":[{"href":"http:\/\/www.mielenterveyskuntoutujienkonsoli.fi\/newmain\/wp-json\/wp\/v2\/types\/page"}],"author":[{"embeddable":true,"href":"http:\/\/www.mielenterveyskuntoutujienkonsoli.fi\/newmain\/wp-json\/wp\/v2\/users\/1"}],"replies":[{"embeddable":true,"href":"http:\/\/www.mielenterveyskuntoutujienkonsoli.fi\/newmain\/wp-json\/wp\/v2\/comments?post=57"}],"version-history":[{"count":18,"href":"http:\/\/www.mielenterveyskuntoutujienkonsoli.fi\/newmain\/wp-json\/wp\/v2\/pages\/57\/revisions"}],"predecessor-version":[{"id":550,"href":"http:\/\/www.mielenterveyskuntoutujienkonsoli.fi\/newmain\/wp-json\/wp\/v2\/pages\/57\/revisions\/550"}],"wp:attachment":[{"href":"http:\/\/www.mielenterveyskuntoutujienkonsoli.fi\/newmain\/wp-json\/wp\/v2\/media?parent=57"}],"curies":[{"name":"wp","href":"https:\/\/api.w.org\/{rel}","templated":true}]}}