{"id":570,"date":"2022-10-20T05:22:29","date_gmt":"2022-10-20T05:22:29","guid":{"rendered":"http:\/\/www.mielenterveyskuntoutujienkonsoli.fi\/newmain\/?page_id=570"},"modified":"2024-03-12T07:30:45","modified_gmt":"2024-03-12T07:30:45","slug":"sami-juntunen","status":"publish","type":"page","link":"http:\/\/www.mielenterveyskuntoutujienkonsoli.fi\/newmain\/sami-juntunen\/","title":{"rendered":"Sami Juntunen"},"content":{"rendered":"\n<p>Linkki kotisivuilleni: <a href=\"https:\/\/www.mielenterveyskuntoutujienkonsoli.fi\/samijuntunen\/\" data-type=\"URL\" data-id=\"https:\/\/www.mielenterveyskuntoutujienkonsoli.fi\/samijuntunen\/\">https:\/\/www.mielenterveyskuntoutujienkonsoli.fi\/samijuntunen\/<\/a><\/p>\n\n\n\n<figure class=\"wp-block-image size-full\"><a href=\"https:\/\/www.bod.fi\/kirjakauppa\/elaemaen-tarkoituksen-pohdintaa-osa-1-sami-juntunen-9789528069874\"><img loading=\"lazy\" decoding=\"async\" width=\"354\" height=\"500\" src=\"https:\/\/www.mielenterveyskuntoutujienkonsoli.fi\/newmain\/wp-content\/uploads\/2023\/07\/image-1.png\" alt=\"\" class=\"wp-image-645\" srcset=\"http:\/\/www.mielenterveyskuntoutujienkonsoli.fi\/newmain\/wp-content\/uploads\/2023\/07\/image-1.png 354w, http:\/\/www.mielenterveyskuntoutujienkonsoli.fi\/newmain\/wp-content\/uploads\/2023\/07\/image-1-212x300.png 212w\" sizes=\"auto, (max-width: 354px) 100vw, 354px\" \/><\/a><\/figure>\n\n\n\n<p class=\"has-medium-font-size\"><strong>Blogi<\/strong><\/p>\n\n\n\n<p><a href=\"https:\/\/www.mielenterveyskuntoutujienkonsoli.fi\/newmain\/blogit\/ilmasto-ahdistus\/\">12.3.2024 Ilmasto ahdistus<\/a><\/p>\n\n\n\n<p><a href=\"https:\/\/www.mielenterveyskuntoutujienkonsoli.fi\/newmain\/blogit\/sosiaalisten-taitojen-opettelusta\/\" data-type=\"link\" data-id=\"https:\/\/www.mielenterveyskuntoutujienkonsoli.fi\/newmain\/blogit\/sosiaalisten-taitojen-opettelusta\/\">22.2.2024 Sosiaalisten taitojen opettelusta<\/a><\/p>\n\n\n\n<p><a href=\"http:\/\/www.mielenterveyskuntoutujienkonsoli.fi\/newmain\/blogit\/viimeisen-pisaran-ylittamisen-jalkeen\/\" data-type=\"URL\" data-id=\"http:\/\/www.mielenterveyskuntoutujienkonsoli.fi\/newmain\/blogit\/viimeisen-pisaran-ylittamisen-jalkeen\/\">24.10.2022 Viimeisen pisaran ylitt\u00e4misen j\u00e4lkeen<\/a><\/p>\n\n\n\n<p><a href=\"http:\/\/www.mielenterveyskuntoutujienkonsoli.fi\/newmain\/blogit\/ei-oletuksia\/\" data-type=\"URL\" data-id=\"http:\/\/www.mielenterveyskuntoutujienkonsoli.fi\/newmain\/blogit\/ei-oletuksia\/\">20.10.2022 Ei oletuksia<\/a><\/p>\n\n\n\n<p><a href=\"http:\/\/www.mielenterveyskuntoutujienkonsoli.fi\/newmain\/blogit\/aanimiehen-oma-esittely-ja-suuntaa-antavia-ideoita-tulevaan\/\">20.10.2022 \u00c4\u00e4nimiehen oma esittely ja suuntaa antavia ideoita tulevaan<\/a><\/p>\n\n\n\n<p><\/p>\n","protected":false},"excerpt":{"rendered":"<p>Linkki kotisivuilleni: https:\/\/www.mielenterveyskuntoutujienkonsoli.fi\/samijuntunen\/ Blogi 12.3.2024 Ilmasto ahdistus 22.2.2024 Sosiaalisten taitojen opettelusta 24.10.2022 Viimeisen pisaran ylitt\u00e4misen j\u00e4lkeen 20.10.2022 Ei oletuksia 20.10.2022 \u00c4\u00e4nimiehen oma esittely ja suuntaa antavia ideoita tulevaan<\/p>\n","protected":false},"author":1,"featured_media":0,"parent":0,"menu_order":0,"comment_status":"closed","ping_status":"closed","template":"","meta":{"footnotes":""},"class_list":["post-570","page","type-page","status-publish","hentry"],"_links":{"self":[{"href":"http:\/\/www.mielenterveyskuntoutujienkonsoli.fi\/newmain\/wp-json\/wp\/v2\/pages\/570","targetHints":{"allow":["GET"]}}],"collection":[{"href":"http:\/\/www.mielenterveyskuntoutujienkonsoli.fi\/newmain\/wp-json\/wp\/v2\/pages"}],"about":[{"href":"http:\/\/www.mielenterveyskuntoutujienkonsoli.fi\/newmain\/wp-json\/wp\/v2\/types\/page"}],"author":[{"embeddable":true,"href":"http:\/\/www.mielenterveyskuntoutujienkonsoli.fi\/newmain\/wp-json\/wp\/v2\/users\/1"}],"replies":[{"embeddable":true,"href":"http:\/\/www.mielenterveyskuntoutujienkonsoli.fi\/newmain\/wp-json\/wp\/v2\/comments?post=570"}],"version-history":[{"count":7,"href":"http:\/\/www.mielenterveyskuntoutujienkonsoli.fi\/newmain\/wp-json\/wp\/v2\/pages\/570\/revisions"}],"predecessor-version":[{"id":682,"href":"http:\/\/www.mielenterveyskuntoutujienkonsoli.fi\/newmain\/wp-json\/wp\/v2\/pages\/570\/revisions\/682"}],"wp:attachment":[{"href":"http:\/\/www.mielenterveyskuntoutujienkonsoli.fi\/newmain\/wp-json\/wp\/v2\/media?parent=570"}],"curies":[{"name":"wp","href":"https:\/\/api.w.org\/{rel}","templated":true}]}}