{"id":85,"date":"2023-11-09T11:36:45","date_gmt":"2023-11-09T11:36:45","guid":{"rendered":"https:\/\/www.mielenterveyskuntoutujienkonsoli.fi\/mervinvirkistysmaailma\/?page_id=85"},"modified":"2025-03-06T08:27:18","modified_gmt":"2025-03-06T08:27:18","slug":"mielenterveys","status":"publish","type":"page","link":"https:\/\/www.mielenterveyskuntoutujienkonsoli.fi\/mervinvirkistysmaailma\/mielenterveys\/","title":{"rendered":"Mielenterveys"},"content":{"rendered":"\n<figure class=\"wp-block-embed is-type-video is-provider-youtube wp-block-embed-youtube wp-embed-aspect-16-9 wp-has-aspect-ratio\"><div class=\"wp-block-embed__wrapper\">\n<iframe loading=\"lazy\" title=\"mielenterveys\" width=\"500\" height=\"281\" src=\"https:\/\/www.youtube.com\/embed\/Ficif36u6bg?feature=oembed\" frameborder=\"0\" allow=\"accelerometer; autoplay; clipboard-write; encrypted-media; gyroscope; picture-in-picture; web-share\" referrerpolicy=\"strict-origin-when-cross-origin\" allowfullscreen><\/iframe>\n<\/div><\/figure>\n\n\n\n<p>Olen Mervi, koulutettu kokemusasiantuntija mielenterveyden alueella. Olen ollut puhumassa monissa luennoilla, seminaareissa ja paneeleissa, yksityisiss\u00e4 ja julkisen puolen sairaaloissa, kuntoutus laitoksissa, kouluissa, mielenterveys yhdistyksiss\u00e4 jne. Olen ollut julkisuudessa tv:ss\u00e4, lehdiss\u00e4 ja radiossa ja antanut kasvojani mielenterveys asialle. Olen ohjannut mielenterveysryhmi\u00e4, esim \u00e4\u00e4ni\u00e4kuulevien ja masentuneiden keskusteluryhmi\u00e4. J\u00e4rjest\u00e4n my\u00f6s mielenterveyteen liittyvi\u00e4 koulutuksia. Olen puhunut pieniss\u00e4 ryhmiss\u00e4, luokkahuoneissa ja joskus p\u00e4\u00e4ssyt isoihin auditorioihin. Kuulijakuntaani on erityisesti toiset kuntoutujat, heid\u00e4n omaisensa, mielenterveyden opiskelijat ja mielenterveyden ammattilaiset.<\/p>\n\n\n\n<figure class=\"wp-block-embed is-type-video is-provider-youtube wp-block-embed-youtube wp-embed-aspect-16-9 wp-has-aspect-ratio\" style=\"margin-top:0;margin-right:0;margin-bottom:0;margin-left:0\"><div class=\"wp-block-embed__wrapper\">\n<iframe loading=\"lazy\" title=\"Moni\u00e4\u00e4niset-podcast 1.jakso: &quot;Vaihdoin \u00e4\u00e4net el\u00e4viin ihmisiin\u201d \u2013 vierailija Mervi Juuri\" width=\"500\" height=\"281\" src=\"https:\/\/www.youtube.com\/embed\/-Uu37xju_hQ?feature=oembed\" frameborder=\"0\" allow=\"accelerometer; autoplay; clipboard-write; encrypted-media; gyroscope; picture-in-picture; web-share\" referrerpolicy=\"strict-origin-when-cross-origin\" allowfullscreen><\/iframe>\n<\/div><\/figure>\n\n\n\n<p><\/p>\n\n\n\n<p>Eteenp\u00e4in el\u00e4m\u00e4ss\u00e4 skitsofreniasta huolimatta! Puheeni Evipron&nbsp;Toipumisorientaatiop\u00e4ivill\u00e4 Sein\u00e4joella 2024. Kest\u00e4\u00e4 n. 30min.<\/p>\n\n\n\n<figure class=\"wp-block-embed is-type-video is-provider-youtube wp-block-embed-youtube wp-embed-aspect-16-9 wp-has-aspect-ratio\"><div class=\"wp-block-embed__wrapper\">\n<iframe loading=\"lazy\" title=\"VID 20240318 124616\" width=\"500\" height=\"281\" src=\"https:\/\/www.youtube.com\/embed\/ZL4RacVfDJg?feature=oembed\" frameborder=\"0\" allow=\"accelerometer; autoplay; clipboard-write; encrypted-media; gyroscope; picture-in-picture; web-share\" referrerpolicy=\"strict-origin-when-cross-origin\" allowfullscreen><\/iframe>\n<\/div><\/figure>\n\n\n\n<div class=\"wp-block-group has-global-padding is-layout-constrained wp-block-group-is-layout-constrained\">\n<p><br><a href=\"https:\/\/drive.google.com\/file\/d\/1TknfDtvJwIFk4HKDiQ3EOunvuKBgE81P\/view\" data-type=\"link\" data-id=\"https:\/\/drive.google.com\/file\/d\/1TknfDtvJwIFk4HKDiQ3EOunvuKBgE81P\/view\">Mervi &#8211; Tarina rakkaudesta, uskosta ja skitsofreniasta<\/a><\/p>\n\n\n\n<p>Alla olevassa&nbsp;<strong>kokemusasiantuntijoiden palkkiosuosituksessa<\/strong>&nbsp;on erilaisia kokemusasiantuntija teht\u00e4vi\u00e4, ja niist\u00e4 maksettavat palkkiot.<\/p>\n<\/div>\n\n\n\n<p><strong>Minua voi siis pyyt\u00e4\u00e4 kertomaan mun selviytymistarinani skitsofrenia sairauden kanssa tai ohjaamaan mielenterveys ryhm\u00e4\u00e4 tai puhumaan seminaariin, paneeleihin mielenterveydest\u00e4 jne.<\/strong><\/p>\n\n\n\n<figure class=\"wp-block-image size-full is-resized\"><img loading=\"lazy\" decoding=\"async\" width=\"960\" height=\"960\" src=\"http:\/\/www.mielenterveyskuntoutujienkonsoli.fi\/mervinvirkistysmaailma\/wp-content\/uploads\/2024\/01\/image.png\" alt=\"\" class=\"wp-image-151\" style=\"aspect-ratio:1;width:543px;height:auto\" srcset=\"https:\/\/www.mielenterveyskuntoutujienkonsoli.fi\/mervinvirkistysmaailma\/wp-content\/uploads\/2024\/01\/image.png 960w, https:\/\/www.mielenterveyskuntoutujienkonsoli.fi\/mervinvirkistysmaailma\/wp-content\/uploads\/2024\/01\/image-300x300.png 300w, https:\/\/www.mielenterveyskuntoutujienkonsoli.fi\/mervinvirkistysmaailma\/wp-content\/uploads\/2024\/01\/image-150x150.png 150w, https:\/\/www.mielenterveyskuntoutujienkonsoli.fi\/mervinvirkistysmaailma\/wp-content\/uploads\/2024\/01\/image-768x768.png 768w\" sizes=\"auto, (max-width: 960px) 100vw, 960px\" \/><\/figure>\n\n\n\n<p>T\u00e4m\u00e4n hetken luottamustoimet:&nbsp;<strong>Mielenterveyden keskusliiton (MTKL) liittovaltuuston <strong><a rel=\"noreferrer noopener\" href=\"http:\/\/mtkl.fi\/\" target=\"_blank\">mtkl.fi<\/a><\/strong> j\u00e4sen<\/strong>,&nbsp;<strong>Tukiyhdistys Majakan hallituksen varapuheenjohtaja<\/strong> <strong><a rel=\"noreferrer noopener\" href=\"http:\/\/majakkary.fi\/\" target=\"_blank\">majakkary.fi<\/a><\/strong>.<\/p>\n\n\n\n<p>Ohjaan Vuosaaren psyk polilla&nbsp;<strong>mielenterveysryhmi\u00e4<\/strong>. <\/p>\n\n\n\n<p><strong>Hyvinvoiva mieli -koulutus<\/strong><\/p>\n\n\n\n<p>Hyvinvoiva mieli -koulutus tarjoaa tietoa mielen hyvinvointiin vaikuttavista tekij\u00f6ist\u00e4 sek\u00e4 harjoituksia mielen hyvinvointia edist\u00e4vist\u00e4 toimintatavoista. Se on suunnattu aikuisille, jotka haluavat yll\u00e4pit\u00e4\u00e4 tai edist\u00e4\u00e4 mielen hyvinvointiaan. Lisenssimaksu (kirja ja materiaalimaksu) 50\u20ac, osallistumismaksu 80\u20ac+alv. Koulutuksessa voi olla mukana 10-20 osallistujaa.<\/p>\n\n\n\n<p><strong>Mervin kokemusasiantuntija koulutus:<\/strong><\/p>\n\n\n\n<p><strong>Kokemusasiantuntijakoulutus<\/strong>, MTKL ,2015, Koulutukseen sis\u00e4ltyi mm. oman tarinan ty\u00f6st\u00e4mist\u00e4, erilaisia pienryhm\u00e4t\u00f6it\u00e4 ja niiden esitt\u00e4mist\u00e4 muulle ryhm\u00e4lle, sek\u00e4 ryhm\u00e4n ohjaamiseen liittyvi\u00e4 luentoja ja harjoituksia.&nbsp;<\/p>\n\n\n\n<p><strong>Kokemusasiantuntijakoulutus<\/strong>, KoKoA, 2015, Koulutuksen sis\u00e4lt\u00f6: oman el\u00e4m\u00e4ntarinan kirjoittaminen ja esitt\u00e4minen, vuorovaikutustaidot, mit\u00e4 on kokemusasiantuntijuus, esiintymistaidot ja valmiudet, verkostoituminen<\/p>\n\n\n\n<p><strong>Mieli maasta vertaisryhm\u00e4n ohjaajien perus- jatko- ja syvent\u00e4v\u00e4 kurssit<\/strong>, 2009, 2012, 2015, kursseilla syvennytty mm. seuraaviin teemoihin: vertaisryhm\u00e4n periaatteet, ryhm\u00e4n perustaminen, ohjaajan teht\u00e4v\u00e4t, muutos on mahdollinen, omat voimavarat, ryhm\u00e4n elinkaari, ohjaajan rooli, pulmista ratkaisuihin, ryhm\u00e4kokemuksia, oma jaksaminen ja voimavarat, vuorovaikutustaidot, ryhm\u00e4dynamiikka, kokeneen ohjaajan haasteet, omat voimavarani ohjaajana, k\u00e4yt\u00e4nn\u00f6n harjoituksia<\/p>\n\n\n\n<p><strong>MTKL vertaisryhm\u00e4ohjaajan&nbsp;perus- ja jatkokurssi<\/strong>, 2009, koulutussis\u00e4lt\u00f6: perustietoa vertaisryhm\u00e4ohjaajan&nbsp;ty\u00f6skentelyst\u00e4 ja lis\u00e4tietoa ja tukea ryhm\u00e4nohjaajana&nbsp;toimimiseen.<\/p>\n\n\n\n<p><strong>Kouluttamisen taidot -valmennus<\/strong>, 2016, perehdyttiin erilaisiin oppi- ja koulutusn\u00e4kemyksiin&nbsp;sek\u00e4 jaetun asiantuntijatoiminnan ajatteluun, erilaisten oppijoiden, oppimistapojen ja kohderyhmien tiedostamiseen, opetuksellisen ja koulutuksellisen vuorovaikutuksen ja ryhm\u00e4dialogin&nbsp;hy\u00f6dynt\u00e4miseen, aihepyrkimyksellisen&nbsp;koulutuksen tai luennon yleisen ja yksityiskohtaisen suunnitteluun l\u00e4ht\u00f6kohtiin ja asiantuntijakouluttamisen etiikkaan ja arviointiin<\/p>\n\n\n\n<p>Harjaannutettiin osallistujat koulutuksellisten pyrkimysten mukaisten vuorovaikutullisten ja luovien menetelmien ja koulutustapojen&nbsp;k\u00e4ytt\u00e4miseen ; eri sosiaalimuodoissa&nbsp;kouluttamisen perusmenetelmien sek\u00e4 havainnollistamisen ja syv\u00e4llisen oppimisen tekniikoiden k\u00e4ytt\u00e4miseen ja oman kouluttajuuden&nbsp;hahmottamiseen ja persoonan k\u00e4ytt\u00e4miseen ja esiintymiseen.<\/p>\n\n\n\n<p><strong>Mielenterveyden ensiapu 1 ja 2<\/strong>&nbsp;(my\u00f6s verkkokoulutukset) ohjaajakoulutukset, 2017, mieli ry, kurssit tulee j\u00e4rjest\u00e4\u00e4 mieli ry:n kanssa allekirjoitetun ohjaajasopimuksen m\u00e4\u00e4ritt\u00e4min ehdoin.<\/p>\n\n\n\n<p><strong>Perehdytyskoulutus vertaisohjaajille<\/strong>, 2023, K-35 Kulttuuripaja; 1. Kulttuuripajan arvot ja pelis\u00e4\u00e4nn\u00f6t, gfp-malli, luovan toiminnan vaikutukset 2. Empatia, tunteet, millainen on hyv\u00e4 vertaisohjaaja, vuorovaikutus, kommunikaatio, palautteen antaminen ja saaminen, ilmapiiri. 3. Positiivinen mielenterveys, toipumisorientaatio, oma hyvinvointi, sosiaaliset taidot. 4. Ryhm\u00e4n ja vertaisohjaajan roolit, ryhm\u00e4n kehitys, itsemy\u00f6t\u00e4tunto, tavoitteet 5. Voimavarat, vahvuudet, psykologinen turvallisuus ryhm\u00e4ss\u00e4 6. Ryhm\u00e4n ohjaaminen, vertaisohjaus.<\/p>\n\n\n\n<p>Mervi on tehnyt palkkioperusteisesti&nbsp;10 vuotta 2011-2021<strong>&nbsp;kokemusasiantuntijan ja vertaisneuvojan teht\u00e4vi\u00e4 Mielenterveyden keskusliitossa<\/strong>&nbsp;(MTKL) Teht\u00e4v\u00e4t ovat sis\u00e4lt\u00e4neet asiakkaiden kohtaamista, vertaistuen tarjoamista sek\u00e4 vertaisneuvontaa. Lis\u00e4ksi Mervi Juuri on pit\u00e4nyt kokemuspuheenvuoroja&nbsp;sek\u00e4 ollut edustamassa liittoa erilaisissa tapahtumissa.<\/p>\n\n\n\n<p><strong>&#8221;Mervi Juuri on ollut luotettava ja tunnollinen toimija kaikessa, miss\u00e4 h\u00e4n on ollut mukana. H\u00e4n osaa olla kannustava ja tuoda toivoa v\u00e4lill\u00e4 vaikeissakin el\u00e4m\u00e4ntilanteissa oleville asiakkaille. Suosittelen l\u00e4mpim\u00e4sti Mervi Juuria vastaavanlaisiin teht\u00e4viin.&#8221;<\/strong>&nbsp;(Ote ty\u00f6todistuksesta.)<\/p>\n\n\n\n<p><strong>Kaikissa kokemusasiantuntija kysymyksiss\u00e4 voit ottaa minuun yhteytt\u00e4 mieluiten s\u00e4hk\u00f6postilla:&nbsp;<a href=\"mailto:mervi.juuri@gmail.com\" target=\"_blank\" rel=\"noreferrer noopener\">mervi.juuri@gmail.com<\/a><\/strong><\/p>\n","protected":false},"excerpt":{"rendered":"<p>Olen Mervi, koulutettu kokemusasiantuntija mielenterveyden alueella. Olen ollut puhumassa monissa luennoilla, seminaareissa ja paneeleissa, yksityisiss\u00e4 ja julkisen puolen sairaaloissa, kuntoutus laitoksissa, kouluissa, mielenterveys yhdistyksiss\u00e4 jne. Olen ollut julkisuudessa tv:ss\u00e4, lehdiss\u00e4 ja radiossa ja antanut kasvojani mielenterveys asialle. Olen ohjannut mielenterveysryhmi\u00e4, esim \u00e4\u00e4ni\u00e4kuulevien ja masentuneiden keskusteluryhmi\u00e4. J\u00e4rjest\u00e4n my\u00f6s mielenterveyteen liittyvi\u00e4 koulutuksia. Olen puhunut pieniss\u00e4 ryhmiss\u00e4, luokkahuoneissa [&hellip;]<\/p>\n","protected":false},"author":1,"featured_media":0,"parent":0,"menu_order":0,"comment_status":"closed","ping_status":"closed","template":"","meta":{"footnotes":""},"class_list":["post-85","page","type-page","status-publish","hentry"],"_links":{"self":[{"href":"https:\/\/www.mielenterveyskuntoutujienkonsoli.fi\/mervinvirkistysmaailma\/wp-json\/wp\/v2\/pages\/85","targetHints":{"allow":["GET"]}}],"collection":[{"href":"https:\/\/www.mielenterveyskuntoutujienkonsoli.fi\/mervinvirkistysmaailma\/wp-json\/wp\/v2\/pages"}],"about":[{"href":"https:\/\/www.mielenterveyskuntoutujienkonsoli.fi\/mervinvirkistysmaailma\/wp-json\/wp\/v2\/types\/page"}],"author":[{"embeddable":true,"href":"https:\/\/www.mielenterveyskuntoutujienkonsoli.fi\/mervinvirkistysmaailma\/wp-json\/wp\/v2\/users\/1"}],"replies":[{"embeddable":true,"href":"https:\/\/www.mielenterveyskuntoutujienkonsoli.fi\/mervinvirkistysmaailma\/wp-json\/wp\/v2\/comments?post=85"}],"version-history":[{"count":24,"href":"https:\/\/www.mielenterveyskuntoutujienkonsoli.fi\/mervinvirkistysmaailma\/wp-json\/wp\/v2\/pages\/85\/revisions"}],"predecessor-version":[{"id":254,"href":"https:\/\/www.mielenterveyskuntoutujienkonsoli.fi\/mervinvirkistysmaailma\/wp-json\/wp\/v2\/pages\/85\/revisions\/254"}],"wp:attachment":[{"href":"https:\/\/www.mielenterveyskuntoutujienkonsoli.fi\/mervinvirkistysmaailma\/wp-json\/wp\/v2\/media?parent=85"}],"curies":[{"name":"wp","href":"https:\/\/api.w.org\/{rel}","templated":true}]}}