{"id":7,"date":"2020-12-11T17:17:49","date_gmt":"2020-12-11T17:17:49","guid":{"rendered":"http:\/\/www.mielenterveyskuntoutujienkonsoli.fi\/newmain\/?page_id=7"},"modified":"2024-03-12T07:29:52","modified_gmt":"2024-03-12T07:29:52","slug":"etusivu","status":"publish","type":"page","link":"https:\/\/www.mielenterveyskuntoutujienkonsoli.fi\/newmain\/","title":{"rendered":""},"content":{"rendered":"\n<div class=\"wp-block-columns is-layout-flex wp-container-core-columns-is-layout-9d6595d7 wp-block-columns-is-layout-flex\">\n<div class=\"wp-block-column is-layout-flow wp-block-column-is-layout-flow\">\n<p class=\"has-text-align-left\">Sivustolle tullaan lis\u00e4\u00e4m\u00e4\u00e4n materiaalia. Sivusto on alkuvaiheessa, joten joissakin osioissa ei viel\u00e4 ole sis\u00e4lt\u00f6\u00e4 juurikaan.<\/p>\n<\/div>\n<\/div>\n\n\n\n<div class=\"wp-block-columns is-layout-flex wp-container-core-columns-is-layout-9d6595d7 wp-block-columns-is-layout-flex\">\n<div class=\"wp-block-column is-layout-flow wp-block-column-is-layout-flow\" style=\"flex-basis:100%\">\n<div class=\"wp-block-columns is-layout-flex wp-container-core-columns-is-layout-9d6595d7 wp-block-columns-is-layout-flex\">\n<div class=\"wp-block-column is-layout-flow wp-block-column-is-layout-flow\" style=\"flex-basis:100%\">\n<div class=\"wp-block-columns is-layout-flex wp-container-core-columns-is-layout-9d6595d7 wp-block-columns-is-layout-flex\">\n<div class=\"wp-block-column is-vertically-aligned-center is-layout-flow wp-block-column-is-layout-flow\" style=\"flex-basis:100%\">\n<figure class=\"wp-block-table aligncenter is-style-stripes\"><table><tbody><tr><td class=\"has-text-align-center\" data-align=\"center\"><a class=\"maxbutton-9 maxbutton maxbutton-keltainen\" href=\"http:\/\/www.mielenterveyskuntoutujienkonsoli.fi\/newmain\/piristysta\/\"><span class='mb-text'>Piristyst\u00e4<\/span><\/a><\/td><td><a class=\"maxbutton-10 maxbutton maxbutton-keltainen\" href=\"javascript:void(0);\"><span class='mb-text'>Olet t\u00e4rke\u00e4.<\/span><\/a><\/td><td class=\"has-text-align-center\" data-align=\"center\"><a class=\"maxbutton-9 maxbutton maxbutton-keltainen\" href=\"http:\/\/www.mielenterveyskuntoutujienkonsoli.fi\/newmain\/tukea\/\"><span class='mb-text'>Tukea<\/span><\/a><\/td><\/tr><tr><td class=\"has-text-align-center\" data-align=\"center\"><a class=\"maxbutton-11 maxbutton maxbutton-keltavihrea\" href=\"javascript:void(0);\"><span class='mb-text'>Olet \u00e4lyk\u00e4s.<\/span><\/a><br><a class=\"maxbutton-11 maxbutton maxbutton-keltavihrea\" href=\"javascript:void(0);\"><span class='mb-text'>Kaikki on t\u00e4rke\u00e4\u00e4.<\/span><\/a><\/td><td><a class=\"maxbutton-11 maxbutton maxbutton-keltavihrea\" href=\"javascript:void(0);\"><span class='mb-text'>Tied\u00e4t paljon.<\/span><\/a><br><a class=\"maxbutton-11 maxbutton maxbutton-keltavihrea\" href=\"javascript:void(0);\"><span class='mb-text'>Teet jo ty\u00f6t\u00e4.<\/span><\/a><\/td><td class=\"has-text-align-center\" data-align=\"center\"><a class=\"maxbutton-11 maxbutton maxbutton-keltavihrea\" href=\"javascript:void(0);\"><span class='mb-text'>Toimit oikein.<\/span><\/a><br><a class=\"maxbutton-11 maxbutton maxbutton-keltavihrea\" href=\"javascript:void(0);\"><span class='mb-text'>Jaksa eteenp\u00e4in.<\/span><\/a><\/td><\/tr><tr><td class=\"has-text-align-center\" data-align=\"center\"><a class=\"maxbutton-3 maxbutton maxbutton-vihrea\" href=\"http:\/\/www.mielenterveyskuntoutujienkonsoli.fi\/newmain\/kokemusasiantuntijuus\/\"><span class='mb-text'>Kokemusasiantuntijuus<\/span><\/a><\/td><td><a class=\"maxbutton-7 maxbutton maxbutton-vihrea\" href=\"javascript:void(0);\"><span class='mb-text'>Teet asioista paremman.<\/span><\/a><\/td><td class=\"has-text-align-center\" data-align=\"center\"><a class=\"maxbutton-3 maxbutton maxbutton-vihrea\" href=\"http:\/\/www.mielenterveyskuntoutujienkonsoli.fi\/newmain\/materiaaliarkisto\/\"><span class='mb-text'>Materiaaliarkisto<\/span><\/a><\/td><\/tr><tr><td class=\"has-text-align-center\" data-align=\"center\"><a class=\"maxbutton-8 maxbutton maxbutton-sinivihrea\" href=\"javascript:void(0);\"><span class='mb-text'>Osaat paljon.<\/span><\/a><br><a class=\"maxbutton-8 maxbutton maxbutton-sinivihrea\" href=\"javascript:void(0);\"><span class='mb-text'>Viet\u00e4 aikaa.<\/span><\/a><\/td><td><a class=\"maxbutton-8 maxbutton maxbutton-sinivihrea\" href=\"javascript:void(0);\"><span class='mb-text'>Rauha on kaunista.<\/span><\/a><br><a class=\"maxbutton-8 maxbutton maxbutton-sinivihrea\" href=\"javascript:void(0);\"><span class='mb-text'>Mik\u00e4\u00e4n ei ole turhaa.<\/span><\/a><\/td><td class=\"has-text-align-center\" data-align=\"center\"><a class=\"maxbutton-8 maxbutton maxbutton-sinivihrea\" href=\"javascript:void(0);\"><span class='mb-text'>Olet tunnollinen.<\/span><\/a><br><a class=\"maxbutton-8 maxbutton maxbutton-sinivihrea\" href=\"javascript:void(0);\"><span class='mb-text'>Tied\u00e4t kaikesta jo.<\/span><\/a><\/td><\/tr><tr><td class=\"has-text-align-center\" data-align=\"center\"><a class=\"maxbutton-1 maxbutton maxbutton-sininen\" title=\"sininen\" href=\"http:\/\/www.mielenterveyskuntoutujienkonsoli.fi\/newmain\/mielenterveystalo\/\"><span class='mb-text'>Mielenterveystalo<\/span><\/a><\/td><td><a class=\"maxbutton-4 maxbutton maxbutton-sininen\" href=\"javascript:void(0);\"><span class='mb-text'>Kaiken olet kokenut.<\/span><\/a><\/td><td class=\"has-text-align-center\" data-align=\"center\"><a class=\"maxbutton-1 maxbutton maxbutton-sininen\" title=\"sininen\" href=\"http:\/\/www.mielenterveyskuntoutujienkonsoli.fi\/newmain\/mielenterveysyhdistykset\/\"><span class='mb-text'>Mielenterveysyhdistykset<\/span><\/a><\/td><\/tr><tr><td class=\"has-text-align-center\" data-align=\"center\"><a class=\"maxbutton-5 maxbutton maxbutton-violetti\" href=\"javascript:void(0);\"><span class='mb-text'>Viel\u00e4 saat aikaan.<\/span><\/a><br><a class=\"maxbutton-5 maxbutton maxbutton-violetti\" href=\"javascript:void(0);\"><span class='mb-text'>Jo nyt olet se kaikki.<\/span><\/a><\/td><td><a class=\"maxbutton-5 maxbutton maxbutton-violetti\" href=\"javascript:void(0);\"><span class='mb-text'>Ole ja tee.<\/span><\/a><br><a class=\"maxbutton-5 maxbutton maxbutton-violetti\" href=\"javascript:void(0);\"><span class='mb-text'>Mit\u00e4\u00e4n et ole vailla.<\/span><\/a><\/td><td class=\"has-text-align-center\" data-align=\"center\"><a class=\"maxbutton-5 maxbutton maxbutton-violetti\" href=\"javascript:void(0);\"><span class='mb-text'>L\u00f6yd\u00e4 se itsest\u00e4si.<\/span><\/a><br><a class=\"maxbutton-5 maxbutton maxbutton-violetti\" href=\"javascript:void(0);\"><span class='mb-text'>Huolehdi itsest\u00e4si.<\/span><\/a><\/td><\/tr><tr><td class=\"has-text-align-center\" data-align=\"center\"><a class=\"maxbutton-2 maxbutton maxbutton-punainen\" href=\"http:\/\/peleja-ja-sovelluksia\"><span class='mb-text'>Pelej\u00e4 ja Sovelluksia<\/span><\/a><\/td><td><a class=\"maxbutton-6 maxbutton maxbutton-punainen\" href=\"javascript:void(0);\"><span class='mb-text'>Ole sellainen kuin olet.<\/span><\/a><\/td><td class=\"has-text-align-center\" data-align=\"center\"><a class=\"maxbutton-2 maxbutton maxbutton-punainen\" href=\"http:\/\/www.mielenterveyskuntoutujienkonsoli.fi\/newmain\/taidetta\/\"><span class='mb-text'>Taidetta<\/span><\/a><\/td><\/tr><tr><td class=\"has-text-align-center\" data-align=\"center\"><\/td><td><a class=\"maxbutton-12 maxbutton maxbutton-violetti\" href=\"http:\/\/www.mielenterveyskuntoutujienkonsoli.fi\/newmain\/blogit\/\"><span class='mb-text'>Blogit<\/span><\/a><\/td><td class=\"has-text-align-center\" data-align=\"center\"><\/td><\/tr><\/tbody><\/table><\/figure>\n<\/div>\n<\/div>\n<\/div>\n<\/div>\n<\/div>\n<\/div>\n\n\n\n<p><strong>Uutta sis\u00e4lt\u00f6\u00e4 osioissa:<\/strong><\/p>\n\n\n\n<p>12.3.2024 Blogit<\/p>\n\n\n\n<p>22.2.2024 Blogit<\/p>\n\n\n\n<p>12.7.2023 Materiaaliarkisto<\/p>\n\n\n\n<p>9.4.2023 Pelej\u00e4 ja sovelluksia<\/p>\n\n\n\n<p>15.1.2023 Pelej\u00e4 ja sovelluksia<\/p>\n\n\n\n<p>24.10.2022 Blogit<\/p>\n\n\n\n<p>20.10.2022 Blogit<\/p>\n\n\n\n<p>20.10.2022 Blogit<\/p>\n\n\n\n<p>21.8.2022 Pelej\u00e4 ja Sovelluksia<\/p>\n\n\n\n<p>14.6.2022 Piristyst\u00e4<\/p>\n\n\n\n<p>14.6.2022 Taidetta<\/p>\n\n\n\n<p>20.5.2022 Taidetta<\/p>\n\n\n\n<p>15.5.2022 Materiaaliarkisto<\/p>\n\n\n\n<p>7.5.2022 Materiaaliarkisto<\/p>\n\n\n\n<p>2.5.2022 Pelej\u00e4 ja Sovelluksia<\/p>\n\n\n\n<p>19.4.2022 Pelej\u00e4 ja Sovelluksia<\/p>\n\n\n\n<p>19.4.2022 Taidetta<\/p>\n\n\n\n<p>27.1.2022 Taidetta<\/p>\n\n\n\n<p>15.1.2022 Taidetta<\/p>\n\n\n\n<p>3.11.2021 Pelej\u00e4 ja Sovelluksia<\/p>\n\n\n\n<p>13.6.2021 Piristyst\u00e4<\/p>\n\n\n\n<p>17.5.2021 Tukea<\/p>\n\n\n\n<p>17.5.2021 Taidetta<\/p>\n\n\n\n<p>9.5.2021 Materiaaliarkisto<\/p>\n\n\n\n<p><\/p>\n\n\n\n<p><\/p>\n\n\n\n<div class=\"wp-block-buttons is-layout-flex wp-block-buttons-is-layout-flex\">\n<div class=\"wp-block-button\"><a class=\"wp-block-button__link has-white-color has-text-color has-background wp-element-button\" href=\"http:\/\/www.mielenterveyskuntoutujienkonsoli.fi\/newmain\/mainostajat\/\" style=\"border-radius:5px;background:linear-gradient(135deg,rgb(6,147,227) 0%,rgb(0,163,144) 43%,rgb(155,81,224) 100%)\">Mainostajat<\/a><\/div>\n<\/div>\n\n\n\n<p><\/p>\n\n\n\n<div class=\"wp-block-buttons is-horizontal is-content-justification-left is-layout-flex wp-container-core-buttons-is-layout-7e5fce0a wp-block-buttons-is-layout-flex\">\n<div class=\"wp-block-button\"><a class=\"wp-block-button__link wp-element-button\" href=\"http:\/\/www.mielenterveyskuntoutujienkonsoli.fi\/newmain\/yhteydenotot-ja-materiaalin-lahetys\/\" style=\"border-radius:25px\">Yhteydenotot ja materiaalin l\u00e4hetys<\/a><\/div>\n\n\n\n<div class=\"wp-block-button\"><a class=\"wp-block-button__link wp-element-button\" href=\"http:\/\/www.mielenterveyskuntoutujienkonsoli.fi\/newmain\/mainostaja-info\/\" style=\"border-radius:25px\">Mainostaja Info<\/a><\/div>\n\n\n\n<div class=\"wp-block-button\"><a class=\"wp-block-button__link wp-element-button\" href=\"http:\/\/www.mielenterveyskuntoutujienkonsoli.fi\/newmain\/tietosuojaseloste\/\" style=\"border-radius:25px\">Tietosuojaseloste<\/a><\/div>\n<\/div>\n\n\n\n<p><\/p>\n","protected":false},"excerpt":{"rendered":"<p>Sivustolle tullaan lis\u00e4\u00e4m\u00e4\u00e4n materiaalia. Sivusto on alkuvaiheessa, joten joissakin osioissa ei viel\u00e4 ole sis\u00e4lt\u00f6\u00e4 juurikaan. Uutta sis\u00e4lt\u00f6\u00e4 osioissa: 12.3.2024 Blogit 22.2.2024 Blogit 12.7.2023 Materiaaliarkisto 9.4.2023 Pelej\u00e4 ja sovelluksia 15.1.2023 Pelej\u00e4 ja sovelluksia 24.10.2022 Blogit 20.10.2022 Blogit 20.10.2022 Blogit 21.8.2022 Pelej\u00e4 ja Sovelluksia 14.6.2022 Piristyst\u00e4 14.6.2022 Taidetta 20.5.2022 Taidetta 15.5.2022 Materiaaliarkisto 7.5.2022 Materiaaliarkisto 2.5.2022 Pelej\u00e4 ja &hellip;<\/p>\n<p class=\"read-more\"> <a class=\"\" href=\"https:\/\/www.mielenterveyskuntoutujienkonsoli.fi\/newmain\/\">  Lue lis\u00e4\u00e4 &raquo;<\/a><\/p>\n","protected":false},"author":1,"featured_media":0,"parent":0,"menu_order":0,"comment_status":"closed","ping_status":"closed","template":"","meta":{"footnotes":""},"class_list":["post-7","page","type-page","status-publish","hentry"],"_links":{"self":[{"href":"https:\/\/www.mielenterveyskuntoutujienkonsoli.fi\/newmain\/wp-json\/wp\/v2\/pages\/7","targetHints":{"allow":["GET"]}}],"collection":[{"href":"https:\/\/www.mielenterveyskuntoutujienkonsoli.fi\/newmain\/wp-json\/wp\/v2\/pages"}],"about":[{"href":"https:\/\/www.mielenterveyskuntoutujienkonsoli.fi\/newmain\/wp-json\/wp\/v2\/types\/page"}],"author":[{"embeddable":true,"href":"https:\/\/www.mielenterveyskuntoutujienkonsoli.fi\/newmain\/wp-json\/wp\/v2\/users\/1"}],"replies":[{"embeddable":true,"href":"https:\/\/www.mielenterveyskuntoutujienkonsoli.fi\/newmain\/wp-json\/wp\/v2\/comments?post=7"}],"version-history":[{"count":176,"href":"https:\/\/www.mielenterveyskuntoutujienkonsoli.fi\/newmain\/wp-json\/wp\/v2\/pages\/7\/revisions"}],"predecessor-version":[{"id":681,"href":"https:\/\/www.mielenterveyskuntoutujienkonsoli.fi\/newmain\/wp-json\/wp\/v2\/pages\/7\/revisions\/681"}],"wp:attachment":[{"href":"https:\/\/www.mielenterveyskuntoutujienkonsoli.fi\/newmain\/wp-json\/wp\/v2\/media?parent=7"}],"curies":[{"name":"wp","href":"https:\/\/api.w.org\/{rel}","templated":true}]}}