{"id":250,"date":"2022-05-08T17:51:38","date_gmt":"2022-05-08T14:51:38","guid":{"rendered":"http:\/\/www.mielenterveyskuntoutujienkonsoli.fi\/samijuntunen\/?page_id=250"},"modified":"2022-08-06T18:13:43","modified_gmt":"2022-08-06T15:13:43","slug":"artikkelit","status":"publish","type":"page","link":"https:\/\/www.mielenterveyskuntoutujienkonsoli.fi\/samijuntunen\/artikkelit\/","title":{"rendered":"Artikkelit"},"content":{"rendered":"\t\t<div data-elementor-type=\"wp-page\" data-elementor-id=\"250\" class=\"elementor elementor-250\">\n\t\t\t\t\t\t<section class=\"elementor-section elementor-top-section elementor-element elementor-element-013cbd0 elementor-section-boxed elementor-section-height-default elementor-section-height-default\" data-id=\"013cbd0\" data-element_type=\"section\">\n\t\t\t\t\t\t<div class=\"elementor-container elementor-column-gap-default\">\n\t\t\t\t\t<div class=\"elementor-column elementor-col-100 elementor-top-column elementor-element elementor-element-6a8f9d0\" data-id=\"6a8f9d0\" data-element_type=\"column\">\n\t\t\t<div class=\"elementor-widget-wrap elementor-element-populated\">\n\t\t\t\t\t\t<div class=\"elementor-element elementor-element-41bc5a5 elementor-icon-list--layout-traditional elementor-list-item-link-full_width elementor-widget elementor-widget-icon-list\" data-id=\"41bc5a5\" data-element_type=\"widget\" data-widget_type=\"icon-list.default\">\n\t\t\t\t<div class=\"elementor-widget-container\">\n\t\t\t<link rel=\"stylesheet\" href=\"http:\/\/www.mielenterveyskuntoutujienkonsoli.fi\/samijuntunen\/wp-content\/plugins\/elementor\/assets\/css\/widget-icon-list.min.css\">\t\t<ul class=\"elementor-icon-list-items\">\n\t\t\t\t\t\t\t<li class=\"elementor-icon-list-item\">\n\t\t\t\t\t\t\t\t\t\t\t<a href=\"https:\/\/www.keski-uusimaa.fi\/paikalliset\/1456627\">\n\n\t\t\t\t\t\t\t\t\t\t\t\t<span class=\"elementor-icon-list-icon\">\n\t\t\t\t\t\t\t<i aria-hidden=\"true\" class=\"fas fa-pen\"><\/i>\t\t\t\t\t\t<\/span>\n\t\t\t\t\t\t\t\t\t\t<span class=\"elementor-icon-list-text\">Keski-uusimaa<\/span>\n\t\t\t\t\t\t\t\t\t\t\t<\/a>\n\t\t\t\t\t\t\t\t\t<\/li>\n\t\t\t\t\t\t\t\t<li class=\"elementor-icon-list-item\">\n\t\t\t\t\t\t\t\t\t\t\t<a href=\"https:\/\/www.ess.fi\/paikalliset\/294905\">\n\n\t\t\t\t\t\t\t\t\t\t\t\t<span class=\"elementor-icon-list-icon\">\n\t\t\t\t\t\t\t<i aria-hidden=\"true\" class=\"fas fa-pen\"><\/i>\t\t\t\t\t\t<\/span>\n\t\t\t\t\t\t\t\t\t\t<span class=\"elementor-icon-list-text\">Etel\u00e4-suomen sanomat<\/span>\n\t\t\t\t\t\t\t\t\t\t\t<\/a>\n\t\t\t\t\t\t\t\t\t<\/li>\n\t\t\t\t\t\t\t\t<li class=\"elementor-icon-list-item\">\n\t\t\t\t\t\t\t\t\t\t\t<a href=\"http:\/\/gamla.hbl.fi\/feature\/2015-03-10\/731446\/roster-i-huvudet-kraver-fokusering\">\n\n\t\t\t\t\t\t\t\t\t\t\t\t<span class=\"elementor-icon-list-icon\">\n\t\t\t\t\t\t\t<i aria-hidden=\"true\" class=\"fas fa-pen\"><\/i>\t\t\t\t\t\t<\/span>\n\t\t\t\t\t\t\t\t\t\t<span class=\"elementor-icon-list-text\">HBL<\/span>\n\t\t\t\t\t\t\t\t\t\t\t<\/a>\n\t\t\t\t\t\t\t\t\t<\/li>\n\t\t\t\t\t\t\t\t<li class=\"elementor-icon-list-item\">\n\t\t\t\t\t\t\t\t\t\t\t<a href=\"http:\/\/yle.fi\/uutiset\/sami_kehottaa_paansisaisia_aania_kuulevia_tulemaan_kaapista\/8274328\">\n\n\t\t\t\t\t\t\t\t\t\t\t\t<span class=\"elementor-icon-list-icon\">\n\t\t\t\t\t\t\t<i aria-hidden=\"true\" class=\"fas fa-pen\"><\/i>\t\t\t\t\t\t<\/span>\n\t\t\t\t\t\t\t\t\t\t<span class=\"elementor-icon-list-text\">YLE kotimaa<\/span>\n\t\t\t\t\t\t\t\t\t\t\t<\/a>\n\t\t\t\t\t\t\t\t\t<\/li>\n\t\t\t\t\t\t\t\t<li class=\"elementor-icon-list-item\">\n\t\t\t\t\t\t\t\t\t\t\t<a href=\"http:\/\/yle.fi\/uutiset\/professori_paansisaisia_aania_yritettava_ymmartaa\/5316689\">\n\n\t\t\t\t\t\t\t\t\t\t\t\t<span class=\"elementor-icon-list-icon\">\n\t\t\t\t\t\t\t<i aria-hidden=\"true\" class=\"fas fa-pen\"><\/i>\t\t\t\t\t\t<\/span>\n\t\t\t\t\t\t\t\t\t\t<span class=\"elementor-icon-list-text\">YLE kotimaa toinen artikkeli<\/span>\n\t\t\t\t\t\t\t\t\t\t\t<\/a>\n\t\t\t\t\t\t\t\t\t<\/li>\n\t\t\t\t\t\t\t\t<li class=\"elementor-icon-list-item\">\n\t\t\t\t\t\t\t\t\t\t\t<a href=\"https:\/\/www.hs.fi\/radiotelevisio\/art-2000002910032.html?share=71fe21e7b09b30c5969163c6b618ecb2\">\n\n\t\t\t\t\t\t\t\t\t\t\t\t<span class=\"elementor-icon-list-icon\">\n\t\t\t\t\t\t\t<i aria-hidden=\"true\" class=\"fas fa-pen\"><\/i>\t\t\t\t\t\t<\/span>\n\t\t\t\t\t\t\t\t\t\t<span class=\"elementor-icon-list-text\">Helsingin sanomat<\/span>\n\t\t\t\t\t\t\t\t\t\t\t<\/a>\n\t\t\t\t\t\t\t\t\t<\/li>\n\t\t\t\t\t\t\t\t<li class=\"elementor-icon-list-item\">\n\t\t\t\t\t\t\t\t\t\t\t<a href=\"https:\/\/www.is.fi\/viihde\/art-2000000680397.html\">\n\n\t\t\t\t\t\t\t\t\t\t\t\t<span class=\"elementor-icon-list-icon\">\n\t\t\t\t\t\t\t<i aria-hidden=\"true\" class=\"fas fa-pen\"><\/i>\t\t\t\t\t\t<\/span>\n\t\t\t\t\t\t\t\t\t\t<span class=\"elementor-icon-list-text\">Ilta-sanomat<\/span>\n\t\t\t\t\t\t\t\t\t\t\t<\/a>\n\t\t\t\t\t\t\t\t\t<\/li>\n\t\t\t\t\t\t\t\t<li class=\"elementor-icon-list-item\">\n\t\t\t\t\t\t\t\t\t\t\t<a href=\"https:\/\/hyvanmielenpelit.fi\/uutiset\/yhdistyksen-elokuvantekoryhman-laakitys-lyhytelokuva-julkaistu\/\">\n\n\t\t\t\t\t\t\t\t\t\t\t\t<span class=\"elementor-icon-list-icon\">\n\t\t\t\t\t\t\t<i aria-hidden=\"true\" class=\"fas fa-video\"><\/i>\t\t\t\t\t\t<\/span>\n\t\t\t\t\t\t\t\t\t\t<span class=\"elementor-icon-list-text\">Hyv\u00e4n mielen pelit ry<\/span>\n\t\t\t\t\t\t\t\t\t\t\t<\/a>\n\t\t\t\t\t\t\t\t\t<\/li>\n\t\t\t\t\t\t\t\t<li class=\"elementor-icon-list-item\">\n\t\t\t\t\t\t\t\t\t\t\t<a href=\"https:\/\/youtu.be\/TENWLw5vtik\">\n\n\t\t\t\t\t\t\t\t\t\t\t\t<span class=\"elementor-icon-list-icon\">\n\t\t\t\t\t\t\t<i aria-hidden=\"true\" class=\"fas fa-video\"><\/i>\t\t\t\t\t\t<\/span>\n\t\t\t\t\t\t\t\t\t\t<span class=\"elementor-icon-list-text\">Sami - kokemusasiantuntija \u00e4\u00e4nien kuulemisessa<\/span>\n\t\t\t\t\t\t\t\t\t\t\t<\/a>\n\t\t\t\t\t\t\t\t\t<\/li>\n\t\t\t\t\t\t<\/ul>\n\t\t\t\t<\/div>\n\t\t\t\t<\/div>\n\t\t\t\t\t<\/div>\n\t\t<\/div>\n\t\t\t\t\t<\/div>\n\t\t<\/section>\n\t\t\t\t<section class=\"elementor-section elementor-top-section elementor-element elementor-element-479ad91 elementor-section-boxed elementor-section-height-default elementor-section-height-default\" data-id=\"479ad91\" data-element_type=\"section\">\n\t\t\t\t\t\t<div class=\"elementor-container elementor-column-gap-default\">\n\t\t\t\t\t<div class=\"elementor-column elementor-col-100 elementor-top-column elementor-element elementor-element-9bb27d9\" data-id=\"9bb27d9\" data-element_type=\"column\">\n\t\t\t<div class=\"elementor-widget-wrap elementor-element-populated\">\n\t\t\t\t\t\t<div class=\"elementor-element elementor-element-34e497d elementor-widget elementor-widget-heading\" data-id=\"34e497d\" data-element_type=\"widget\" data-widget_type=\"heading.default\">\n\t\t\t\t<div class=\"elementor-widget-container\">\n\t\t\t<style>\/*! elementor - v3.19.0 - 28-02-2024 *\/\n.elementor-heading-title{padding:0;margin:0;line-height:1}.elementor-widget-heading .elementor-heading-title[class*=elementor-size-]>a{color:inherit;font-size:inherit;line-height:inherit}.elementor-widget-heading .elementor-heading-title.elementor-size-small{font-size:15px}.elementor-widget-heading .elementor-heading-title.elementor-size-medium{font-size:19px}.elementor-widget-heading .elementor-heading-title.elementor-size-large{font-size:29px}.elementor-widget-heading .elementor-heading-title.elementor-size-xl{font-size:39px}.elementor-widget-heading .elementor-heading-title.elementor-size-xxl{font-size:59px}<\/style><h4 class=\"elementor-heading-title elementor-size-medium\"><p align=\"center\" style=\"margin-bottom:0cm;text-align:center;\nline-height:normal;mso-pagination:none;mso-layout-grid-align:none;text-autospace:\nnone\"><span style=\"font-family:HelveticaNeue;mso-bidi-font-family:HelveticaNeue;\ncolor:black\">Kirjoittamiani juttuja on enimm\u00e4kseen tuuliviiri lehdess\u00e4,\navomielin lehdess\u00e4, moni\u00e4\u00e4ninen lehdess\u00e4, helmi lehdess\u00e4 ja majakkalainen\nlehdess\u00e4. <\/span><span style=\"color: black; font-family: HelveticaNeue;\">N\u00e4m\u00e4 joulukuusta 2007 l\u00e4htien.<\/span><\/p><br>\n\n<p align=\"center\" style=\"margin-bottom:0cm;text-align:center;\nline-height:normal;mso-pagination:none;mso-layout-grid-align:none;text-autospace:\nnone\"><span style=\"font-family:HelveticaNeue;mso-bidi-font-family:HelveticaNeue;\ncolor:black\">&nbsp;<\/span><span style=\"color: black; font-family: HelveticaNeue;\">Vaikutamme el\u00e4m\u00e4\u00e4n teoillamme. Tehk\u00e4\u00e4mme tekomme n\u00e4kyviksi.<\/span><\/p>\n\n<p align=\"center\" style=\"margin-bottom:0cm;text-align:center;\nline-height:normal;mso-pagination:none;mso-layout-grid-align:none;text-autospace:\nnone\"><span style=\"font-family:HelveticaNeue;mso-bidi-font-family:HelveticaNeue;\ncolor:black\">&nbsp;<\/span><\/p><\/h4>\t\t<\/div>\n\t\t\t\t<\/div>\n\t\t\t\t\t<\/div>\n\t\t<\/div>\n\t\t\t\t\t<\/div>\n\t\t<\/section>\n\t\t\t\t<\/div>\n\t\t","protected":false},"excerpt":{"rendered":"<p>Keski-uusimaa Etel\u00e4-suomen sanomat HBL YLE kotimaa YLE kotimaa toinen artikkeli Helsingin sanomat Ilta-sanomat Hyv\u00e4n mielen pelit ry Sami &#8211; kokemusasiantuntija \u00e4\u00e4nien kuulemisessa Kirjoittamiani juttuja on enimm\u00e4kseen tuuliviiri lehdess\u00e4, avomielin lehdess\u00e4, moni\u00e4\u00e4ninen lehdess\u00e4, helmi lehdess\u00e4 ja majakkalainen lehdess\u00e4. N\u00e4m\u00e4 joulukuusta 2007 l\u00e4htien. &nbsp;Vaikutamme el\u00e4m\u00e4\u00e4n teoillamme. Tehk\u00e4\u00e4mme tekomme n\u00e4kyviksi. &nbsp;<\/p>\n","protected":false},"author":1,"featured_media":0,"parent":0,"menu_order":4,"comment_status":"closed","ping_status":"closed","template":"","meta":{"footnotes":""},"class_list":["post-250","page","type-page","status-publish","hentry"],"_links":{"self":[{"href":"https:\/\/www.mielenterveyskuntoutujienkonsoli.fi\/samijuntunen\/wp-json\/wp\/v2\/pages\/250","targetHints":{"allow":["GET"]}}],"collection":[{"href":"https:\/\/www.mielenterveyskuntoutujienkonsoli.fi\/samijuntunen\/wp-json\/wp\/v2\/pages"}],"about":[{"href":"https:\/\/www.mielenterveyskuntoutujienkonsoli.fi\/samijuntunen\/wp-json\/wp\/v2\/types\/page"}],"author":[{"embeddable":true,"href":"https:\/\/www.mielenterveyskuntoutujienkonsoli.fi\/samijuntunen\/wp-json\/wp\/v2\/users\/1"}],"replies":[{"embeddable":true,"href":"https:\/\/www.mielenterveyskuntoutujienkonsoli.fi\/samijuntunen\/wp-json\/wp\/v2\/comments?post=250"}],"version-history":[{"count":11,"href":"https:\/\/www.mielenterveyskuntoutujienkonsoli.fi\/samijuntunen\/wp-json\/wp\/v2\/pages\/250\/revisions"}],"predecessor-version":[{"id":355,"href":"https:\/\/www.mielenterveyskuntoutujienkonsoli.fi\/samijuntunen\/wp-json\/wp\/v2\/pages\/250\/revisions\/355"}],"wp:attachment":[{"href":"https:\/\/www.mielenterveyskuntoutujienkonsoli.fi\/samijuntunen\/wp-json\/wp\/v2\/media?parent=250"}],"curies":[{"name":"wp","href":"https:\/\/api.w.org\/{rel}","templated":true}]}}